{"id":1722,"date":"2024-07-22T09:04:18","date_gmt":"2024-07-22T09:04:18","guid":{"rendered":"https:\/\/www.diplomaticcoalition.org\/password-reset\/"},"modified":"2024-07-22T12:09:50","modified_gmt":"2024-07-22T12:09:50","slug":"password-reset","status":"publish","type":"page","link":"https:\/\/www.diplomaticcoalition.org\/es\/password-reset\/","title":{"rendered":"Reset password"},"content":{"rendered":"<div class=\"um um-password um-um_password_id\">\n\t<div class=\"um-form\">\n\t\t<form method=\"post\" action=\"\" data-trp-original-action=\"\">\n\t\t\t\n\t\t\t\t<input type=\"hidden\" name=\"_um_password_reset\" id=\"_um_password_reset\" value=\"1\" \/>\n\n\t\t\t\t\t\t\t\t\t<div class=\"um-field um-field-block um-field-type_block\">\n\t\t\t\t\t\t<div class=\"um-field-block\">\n\t\t\t\t\t\t\t<div style=\"text-align:center;\">\n\t\t\t\t\t\t\t\tPara restablecer tu contrase\u00f1a, por favor, introduce a continuaci\u00f3n tu direcci\u00f3n de correo electr\u00f3nico o nombre de usuario.\t\t\t\t\t\t\t<\/div>\n\t\t\t\t\t\t<\/div>\n\t\t\t\t\t<\/div>\n\t\t\t\t\t<div  id=\"um_field_0_username_b\" class=\"um-field um-field-text  um-field-username_b um-field-text um-field-type_text\" data-key=\"username_b\"><div class=\"um-field-area\"><input  autocomplete=\"off\" class=\"um-form-field valid\" type=\"text\" name=\"username_b\" id=\"username_b\" value=\"\" placeholder=\"Introduce tu nombre de usuario o correo electr\u00f3nico\" data-validate=\"\" data-key=\"username_b\"  aria-invalid=\"false\" \/>\n\n\t\t\t\t\t\t<\/div><\/div>\t\t\t\t<div class=\"um-col-alt um-col-alt-b\">\n\t\t\t\t\t<div class=\"um-center\">\n\t\t\t\t\t\t<input type=\"submit\" value=\"Restablecer contrase\u00f1a\" class=\"um-button\" id=\"um-submit-btn\" \/>\n\t\t\t\t\t<\/div>\n\t\t\t\t\t<div class=\"um-clear\"><\/div>\n\t\t\t\t<\/div>\n\t\t\t\t\t<input type=\"hidden\" name=\"form_id\" id=\"form_id_um_password_id\" value=\"um_password_id\" \/>\n\t\t<p class=\"um_request_name\">\n\t\t<label for=\"um_request_um_password_id\">Only fill in if you are not human<\/label>\n\t\t<input type=\"hidden\" name=\"um_request\" id=\"um_request_um_password_id\" class=\"input\" value=\"\" size=\"25\" autocomplete=\"off\" \/>\n\t<\/p>\n\t\t\t<input type=\"hidden\" name=\"trp-form-language\" value=\"es\"\/><\/form>\n\t<\/div>\n<\/div>\n<style>\n\t\t\t.um-um_password_id.um {\n\t\t\tmax-width: 450px;\n\t\t}\n\t\t<\/style>","protected":false},"excerpt":{"rendered":"","protected":false},"author":1,"featured_media":0,"parent":0,"menu_order":0,"comment_status":"closed","ping_status":"closed","template":"","meta":{"give_campaign_id":0,"_uag_custom_page_level_css":"","ngg_post_thumbnail":0,"pgc_sgb_lightbox_settings":"","footnotes":""},"class_list":["post-1722","page","type-page","status-publish","hentry"],"yoast_head":"<!-- This site is optimized with the Yoast SEO plugin v25.5 - https:\/\/yoast.com\/wordpress\/plugins\/seo\/ -->\n<title>Reset password - Diplomatic Coalition<\/title>\n<meta name=\"robots\" content=\"index, follow, max-snippet:-1, max-image-preview:large, max-video-preview:-1\" \/>\n<link rel=\"canonical\" href=\"https:\/\/www.diplomaticcoalition.org\/es\/password-reset\/\" \/>\n<meta property=\"og:locale\" content=\"es_ES\" \/>\n<meta property=\"og:type\" content=\"article\" \/>\n<meta property=\"og:title\" content=\"Reset password - Diplomatic Coalition\" \/>\n<meta property=\"og:url\" content=\"https:\/\/www.diplomaticcoalition.org\/es\/password-reset\/\" \/>\n<meta property=\"og:site_name\" content=\"Diplomatic Coalition\" \/>\n<meta property=\"article:modified_time\" content=\"2024-07-22T12:09:50+00:00\" \/>\n<meta property=\"og:image\" content=\"https:\/\/www.diplomaticcoalition.org\/wp-content\/uploads\/2024\/06\/DCL-LOGO-SHIELD-MOTTO-GRAY-150421.png\" \/>\n\t<meta property=\"og:image:width\" content=\"6484\" \/>\n\t<meta property=\"og:image:height\" content=\"6047\" \/>\n\t<meta property=\"og:image:type\" content=\"image\/png\" \/>\n<meta name=\"twitter:card\" content=\"summary_large_image\" \/>\n<script type=\"application\/ld+json\" class=\"yoast-schema-graph\">{\"@context\":\"https:\/\/schema.org\",\"@graph\":[{\"@type\":\"WebPage\",\"@id\":\"https:\/\/www.diplomaticcoalition.org\/password-reset\/\",\"url\":\"https:\/\/www.diplomaticcoalition.org\/password-reset\/\",\"name\":\"Reset password - Diplomatic Coalition\",\"isPartOf\":{\"@id\":\"https:\/\/www.diplomaticcoalition.org\/#website\"},\"datePublished\":\"2024-07-22T09:04:18+00:00\",\"dateModified\":\"2024-07-22T12:09:50+00:00\",\"breadcrumb\":{\"@id\":\"https:\/\/www.diplomaticcoalition.org\/password-reset\/#breadcrumb\"},\"inLanguage\":\"es\",\"potentialAction\":[{\"@type\":\"ReadAction\",\"target\":[\"https:\/\/www.diplomaticcoalition.org\/password-reset\/\"]}]},{\"@type\":\"BreadcrumbList\",\"@id\":\"https:\/\/www.diplomaticcoalition.org\/password-reset\/#breadcrumb\",\"itemListElement\":[{\"@type\":\"ListItem\",\"position\":1,\"name\":\"Portada\",\"item\":\"https:\/\/www.diplomaticcoalition.org\/\"},{\"@type\":\"ListItem\",\"position\":2,\"name\":\"Reset password\"}]},{\"@type\":\"WebSite\",\"@id\":\"https:\/\/www.diplomaticcoalition.org\/#website\",\"url\":\"https:\/\/www.diplomaticcoalition.org\/\",\"name\":\"Diplomatic Coalition\",\"description\":\"Diplomatic Coalition: Worldwide Diplomatic Solutions\",\"publisher\":{\"@id\":\"https:\/\/www.diplomaticcoalition.org\/#organization\"},\"alternateName\":\"DCL\",\"potentialAction\":[{\"@type\":\"SearchAction\",\"target\":{\"@type\":\"EntryPoint\",\"urlTemplate\":\"https:\/\/www.diplomaticcoalition.org\/?s={search_term_string}\"},\"query-input\":{\"@type\":\"PropertyValueSpecification\",\"valueRequired\":true,\"valueName\":\"search_term_string\"}}],\"inLanguage\":\"es\"},{\"@type\":\"Organization\",\"@id\":\"https:\/\/www.diplomaticcoalition.org\/#organization\",\"name\":\"Diplomatic Coalition\",\"alternateName\":\"DCL\",\"url\":\"https:\/\/www.diplomaticcoalition.org\/\",\"logo\":{\"@type\":\"ImageObject\",\"inLanguage\":\"es\",\"@id\":\"https:\/\/www.diplomaticcoalition.org\/#\/schema\/logo\/image\/\",\"url\":\"https:\/\/www.diplomaticcoalition.org\/wp-content\/uploads\/2024\/06\/DCL-LOGO-SHIELD-MOTTO-GRAY-150421.png\",\"contentUrl\":\"https:\/\/www.diplomaticcoalition.org\/wp-content\/uploads\/2024\/06\/DCL-LOGO-SHIELD-MOTTO-GRAY-150421.png\",\"width\":6484,\"height\":6047,\"caption\":\"Diplomatic Coalition\"},\"image\":{\"@id\":\"https:\/\/www.diplomaticcoalition.org\/#\/schema\/logo\/image\/\"},\"sameAs\":[\"https:\/\/www.instagram.com\/diplomaticcoalition\/\",\"https:\/\/www.linkedin.com\/company\/diplomatic-coalition\/\"]}]}<\/script>\n<!-- \/ Yoast SEO plugin. -->","yoast_head_json":{"title":"Reset password - Diplomatic Coalition","robots":{"index":"index","follow":"follow","max-snippet":"max-snippet:-1","max-image-preview":"max-image-preview:large","max-video-preview":"max-video-preview:-1"},"canonical":"https:\/\/www.diplomaticcoalition.org\/es\/password-reset\/","og_locale":"es_ES","og_type":"article","og_title":"Reset password - Diplomatic Coalition","og_url":"https:\/\/www.diplomaticcoalition.org\/es\/password-reset\/","og_site_name":"Diplomatic Coalition","article_modified_time":"2024-07-22T12:09:50+00:00","og_image":[{"width":6484,"height":6047,"url":"https:\/\/www.diplomaticcoalition.org\/wp-content\/uploads\/2024\/06\/DCL-LOGO-SHIELD-MOTTO-GRAY-150421.png","type":"image\/png"}],"twitter_card":"summary_large_image","schema":{"@context":"https:\/\/schema.org","@graph":[{"@type":"WebPage","@id":"https:\/\/www.diplomaticcoalition.org\/password-reset\/","url":"https:\/\/www.diplomaticcoalition.org\/password-reset\/","name":"Reset password - Diplomatic Coalition","isPartOf":{"@id":"https:\/\/www.diplomaticcoalition.org\/#website"},"datePublished":"2024-07-22T09:04:18+00:00","dateModified":"2024-07-22T12:09:50+00:00","breadcrumb":{"@id":"https:\/\/www.diplomaticcoalition.org\/password-reset\/#breadcrumb"},"inLanguage":"es","potentialAction":[{"@type":"ReadAction","target":["https:\/\/www.diplomaticcoalition.org\/password-reset\/"]}]},{"@type":"BreadcrumbList","@id":"https:\/\/www.diplomaticcoalition.org\/password-reset\/#breadcrumb","itemListElement":[{"@type":"ListItem","position":1,"name":"Portada","item":"https:\/\/www.diplomaticcoalition.org\/"},{"@type":"ListItem","position":2,"name":"Reset password"}]},{"@type":"WebSite","@id":"https:\/\/www.diplomaticcoalition.org\/#website","url":"https:\/\/www.diplomaticcoalition.org\/","name":"Diplomatic Coalition","description":"Diplomatic Coalition: Worldwide Diplomatic Solutions","publisher":{"@id":"https:\/\/www.diplomaticcoalition.org\/#organization"},"alternateName":"DCL","potentialAction":[{"@type":"SearchAction","target":{"@type":"EntryPoint","urlTemplate":"https:\/\/www.diplomaticcoalition.org\/?s={search_term_string}"},"query-input":{"@type":"PropertyValueSpecification","valueRequired":true,"valueName":"search_term_string"}}],"inLanguage":"es"},{"@type":"Organization","@id":"https:\/\/www.diplomaticcoalition.org\/#organization","name":"Diplomatic Coalition","alternateName":"DCL","url":"https:\/\/www.diplomaticcoalition.org\/","logo":{"@type":"ImageObject","inLanguage":"es","@id":"https:\/\/www.diplomaticcoalition.org\/#\/schema\/logo\/image\/","url":"https:\/\/www.diplomaticcoalition.org\/wp-content\/uploads\/2024\/06\/DCL-LOGO-SHIELD-MOTTO-GRAY-150421.png","contentUrl":"https:\/\/www.diplomaticcoalition.org\/wp-content\/uploads\/2024\/06\/DCL-LOGO-SHIELD-MOTTO-GRAY-150421.png","width":6484,"height":6047,"caption":"Diplomatic Coalition"},"image":{"@id":"https:\/\/www.diplomaticcoalition.org\/#\/schema\/logo\/image\/"},"sameAs":["https:\/\/www.instagram.com\/diplomaticcoalition\/","https:\/\/www.linkedin.com\/company\/diplomatic-coalition\/"]}]}},"campaignId":"","uagb_featured_image_src":{"full":false,"thumbnail":false,"medium":false,"medium_large":false,"large":false,"1536x1536":false,"2048x2048":false,"trp-custom-language-flag":false,"Personnel Thumbnail":false,"Portfolio Thumbnail":false,"Portfolio Thumbnail Portrait":false,"Large Landscape":false,"Large Landscape 2":false,"Portfolio Side Description":false,"Blog Full Thumbnail":false,"Column Thumbnail":false,"Personnel Square":false,"Portrait":false,"Portfolio Large":false,"Blog Portrait":false,"Single Cause Thumbnail":false,"Event Featured":false},"uagb_author_info":{"display_name":"Juan Ignacio Lorente","author_link":"https:\/\/www.diplomaticcoalition.org\/es\/author\/admin\/"},"uagb_comment_info":0,"uagb_excerpt":null,"_links":{"self":[{"href":"https:\/\/www.diplomaticcoalition.org\/es\/wp-json\/wp\/v2\/pages\/1722","targetHints":{"allow":["GET"]}}],"collection":[{"href":"https:\/\/www.diplomaticcoalition.org\/es\/wp-json\/wp\/v2\/pages"}],"about":[{"href":"https:\/\/www.diplomaticcoalition.org\/es\/wp-json\/wp\/v2\/types\/page"}],"author":[{"embeddable":true,"href":"https:\/\/www.diplomaticcoalition.org\/es\/wp-json\/wp\/v2\/users\/1"}],"replies":[{"embeddable":true,"href":"https:\/\/www.diplomaticcoalition.org\/es\/wp-json\/wp\/v2\/comments?post=1722"}],"version-history":[{"count":1,"href":"https:\/\/www.diplomaticcoalition.org\/es\/wp-json\/wp\/v2\/pages\/1722\/revisions"}],"predecessor-version":[{"id":1733,"href":"https:\/\/www.diplomaticcoalition.org\/es\/wp-json\/wp\/v2\/pages\/1722\/revisions\/1733"}],"wp:attachment":[{"href":"https:\/\/www.diplomaticcoalition.org\/es\/wp-json\/wp\/v2\/media?parent=1722"}],"curies":[{"name":"wp","href":"https:\/\/api.w.org\/{rel}","templated":true}]}}